{"id":1162,"date":"2025-04-15T14:26:27","date_gmt":"2025-04-15T14:26:27","guid":{"rendered":"https:\/\/eventandmore.net\/?page_id=1162"},"modified":"2025-04-22T15:23:27","modified_gmt":"2025-04-22T15:23:27","slug":"photoboxen","status":"publish","type":"page","link":"https:\/\/eventandmore.net\/index.php\/photoboxen\/","title":{"rendered":"Photoboxen"},"content":{"rendered":"\t\t<div data-elementor-type=\"wp-page\" data-elementor-id=\"1162\" class=\"elementor elementor-1162\">\n\t\t\t\t\t\t<div class=\"elementor-inner\">\n\t\t\t\t<div class=\"elementor-section-wrap\">\n\t\t\t\t\t\t\t\t\t<section class=\"elementor-section elementor-top-section elementor-element elementor-element-e28ec87 elementor-section-boxed elementor-section-height-default elementor-section-height-default\" data-id=\"e28ec87\" data-element_type=\"section\" data-settings=\"{&quot;background_background&quot;:&quot;gradient&quot;}\">\n\t\t\t\t\t\t<div class=\"elementor-container elementor-column-gap-default\">\n\t\t\t\t\t\t\t<div class=\"elementor-row\">\n\t\t\t\t\t<div class=\"elementor-column elementor-col-100 elementor-top-column elementor-element elementor-element-33ffcb5\" data-id=\"33ffcb5\" data-element_type=\"column\">\n\t\t\t<div class=\"elementor-column-wrap elementor-element-populated\">\n\t\t\t\t\t\t\t<div class=\"elementor-widget-wrap\">\n\t\t\t\t\t\t<div class=\"elementor-element elementor-element-3243df7 elementor-widget elementor-widget-heading\" data-id=\"3243df7\" data-element_type=\"widget\" data-widget_type=\"heading.default\">\n\t\t\t\t<div class=\"elementor-widget-container\">\n\t\t\t<h1 class=\"elementor-heading-title elementor-size-xxl\">Photoboxen<\/h1>\t\t<\/div>\n\t\t\t\t<\/div>\n\t\t\t\t\t\t<\/div>\n\t\t\t\t\t<\/div>\n\t\t<\/div>\n\t\t\t\t\t\t\t\t<\/div>\n\t\t\t\t\t<\/div>\n\t\t<\/section>\n\t\t\t\t<section class=\"elementor-section elementor-top-section elementor-element elementor-element-49fc535 elementor-section-boxed elementor-section-height-default elementor-section-height-default\" data-id=\"49fc535\" data-element_type=\"section\">\n\t\t\t\t\t\t<div class=\"elementor-container elementor-column-gap-no\">\n\t\t\t\t\t\t\t<div class=\"elementor-row\">\n\t\t\t\t\t<div class=\"elementor-column elementor-col-66 elementor-top-column elementor-element elementor-element-5f59bf3\" data-id=\"5f59bf3\" data-element_type=\"column\">\n\t\t\t<div class=\"elementor-column-wrap elementor-element-populated\">\n\t\t\t\t\t\t\t<div class=\"elementor-widget-wrap\">\n\t\t\t\t\t\t<div class=\"elementor-element elementor-element-3aa5784 elementor-widget__width-initial elementor-widget elementor-widget-text-editor\" data-id=\"3aa5784\" data-element_type=\"widget\" data-widget_type=\"text-editor.default\">\n\t\t\t\t<div class=\"elementor-widget-container\">\n\t\t\t\t\t\t\t\t<div class=\"elementor-text-editor elementor-clearfix\">\n\t\t\t\t<h1>Photoboxen<\/h1><p>Dann haben Sie mit unserer Photobox genau Das richtige gefunden.<br \/>Egal ob Hochzeit, Firmenfeier oder Geburtstagsparty mit unserer Photobox kommt Schwung in Ihre Feier.<\/p><p>\u00a0<\/p><p><strong>Sie wollen lustige Photos von der Feier<\/strong><\/p><p>Kein Problem, mit Unserer Photobox erhalten Sie auch lustige Photo Utensilien.<\/p><p>Sie w\u00fcrden die Photos gerne mit einemRahmen, Text, Logo&#8230; haben.<\/p><p>Die Photobox ist kinderleicht aufzubauen und zu bedienen.<br \/>Die gebuchten Phototamplates werden im Vorhinein eingestellt und sie k\u00f6nnen sofort loslegen. Sie brauchen uns nur die gew\u00fcnschte Datei zusenden an: office@eventandmore.net<\/p><p>\u00a0<\/p><p><strong>Wie kommt die Photobox zu Ihrem Event. <\/strong><\/p><p>Buchen Sie die Box per Mail an office@eventandmore.net.<\/p><p>Entweder holen Sie diese bei uns am Tag vor Ihrem Event ab, die R\u00fcckgabe erfolgt am Tag nach dem Event.<\/p><p>Oder wir bringen wir ihnen die Box zu Ihrer Location und bauen diese f\u00fcr Sie auf. Kosten siehe Preisliste.<\/p><p>\u00a0<\/p><p><strong>Wie Kommen Sie zu den Photos.<\/strong><\/p><p>Die mit unserer Photobox aufgenommenen Photos bleiben 6 Monate gespeichert und k\u00f6nnen \u00fcber einen Link downgeloadet werden bzw. bei uns fertig ausgedruckt bestellt werden.<\/p><p>\u00a0<\/p><p><strong>Kann ich sofort nach Aufnahme der Photos auf diese zugreifen. <\/strong><\/p><p>Mit Hilfe unseres Clouddienstes der bei uns im hauseigenen Rechenzentrum gehostet wird k\u00f6nnen Sie auf die aufgenommenen Photos zugreifen und diese auf Ihr Mobilger\u00e4t\/Computer herunterladen.<\/p><p>\u00a0<\/p><p><strong>Was Passiert mit den Photos nachdem ich die Box zur\u00fcck gegeben habe<\/strong><\/p><p>Grunds\u00e4tzlich werden die Photos bei uns f\u00fcr 6 Monate archiviert und danach gel\u00f6scht. Auf Wunsch l\u00f6schen wir die Photos auch sofort nach der R\u00fcckgabe der Box.<\/p><p>\u00a0<\/p><p><strong><u>Preisliste Photobox<\/u><\/strong><\/p><table width=\"755\"><tbody><tr><td width=\"174\">\u00a0<\/td><td width=\"80\">Box 300<\/td><td width=\"80\">Box 700<\/td><\/tr><tr><td>\u00a0<\/td><td>\u00a0<\/td><td>\u00a0<\/td><\/tr><tr><td>Digitale Photos*<\/td><td>Unbegrenzt<\/td><td>Unbegrenzt<\/td><\/tr><tr><td>Ausdrucke<\/td><td>300<\/td><td>700<\/td><\/tr><tr><td>Box mit lustigen Requisiten<\/td><td>X<\/td><td>X<\/td><\/tr><tr><td>Cloud inkludiert<\/td><td>X<\/td><td>X<\/td><\/tr><tr><td>Lieferung max. 30 KM<\/td><td>\u20ac 70<\/td><td>\u20ac 70<\/td><\/tr><tr><td>Digitale LOGO \/ Rahmen<\/td><td>\u20ac 10<\/td><td>\u20ac 10<\/td><\/tr><tr><td>\u00a0<\/td><td>\u00a0<\/td><td>\u00a0<\/td><\/tr><tr><td>Preis je Event**<\/td><td>\u20ac 299<\/td><td>\u20ac 499<\/td><\/tr><\/tbody><\/table><p><strong>Alle Preise inkl. 20 % MwSt.<\/strong><\/p><p><strong>\u00a0<\/strong><\/p><p><strong><u>Nur bei Event&amp;More:<\/u><\/strong><\/p><ul><li><strong>30% Rabatt f\u00fcr gro\u00dfformatigen Druck Ihres Lieblingsfotos (Klebefolie, Banner\u2026)<\/strong><\/li><\/ul><p>\u00a0<\/p><p>Digitale Photos* \u00a0\u00a0 &#8211; Datengr\u00f6\u00dfe abh\u00e4ngig von dem zur Verf\u00fcgung\u00a0\u00a0 gestelltem Speichermedium.<\/p><p>Event**\u00a0\u00a0 \u00a0\u00a0\u00a0\u00a0\u00a0\u00a0\u00a0\u00a0\u00a0\u00a0\u00a0\u00a0\u00a0\u00a0\u00a0 &#8211; bis zu 3 Tage.<\/p>\t\t\t\t\t<\/div>\n\t\t\t\t\t\t<\/div>\n\t\t\t\t<\/div>\n\t\t\t\t\t\t<\/div>\n\t\t\t\t\t<\/div>\n\t\t<\/div>\n\t\t\t\t<div class=\"elementor-column elementor-col-33 elementor-top-column elementor-element elementor-element-a2b9374\" data-id=\"a2b9374\" data-element_type=\"column\">\n\t\t\t<div class=\"elementor-column-wrap elementor-element-populated\">\n\t\t\t\t\t\t\t<div class=\"elementor-widget-wrap\">\n\t\t\t\t\t\t<div class=\"elementor-element elementor-element-c88c5e5 elementor-widget__width-initial elementor--h-position-center elementor--v-position-middle elementor-arrows-position-inside elementor-pagination-position-inside elementor-widget elementor-widget-slides\" data-id=\"c88c5e5\" data-element_type=\"widget\" data-settings=\"{&quot;navigation&quot;:&quot;both&quot;,&quot;autoplay&quot;:&quot;yes&quot;,&quot;pause_on_hover&quot;:&quot;yes&quot;,&quot;pause_on_interaction&quot;:&quot;yes&quot;,&quot;autoplay_speed&quot;:5000,&quot;infinite&quot;:&quot;yes&quot;,&quot;transition&quot;:&quot;slide&quot;,&quot;transition_speed&quot;:500}\" data-widget_type=\"slides.default\">\n\t\t\t\t<div class=\"elementor-widget-container\">\n\t\t\t\t\t<div class=\"elementor-swiper\">\n\t\t\t<div class=\"elementor-slides-wrapper elementor-main-swiper swiper-container\" dir=\"ltr\" data-animation=\"fadeInUp\">\n\t\t\t\t<div class=\"swiper-wrapper elementor-slides\">\n\t\t\t\t\t\t\t\t\t\t<div class=\"elementor-repeater-item-6f10825 swiper-slide\"><div class=\"swiper-slide-bg\"><\/div><div class=\"swiper-slide-inner\" ><div class=\"swiper-slide-contents\"><\/div><\/div><\/div><div class=\"elementor-repeater-item-3504f70 swiper-slide\"><div class=\"swiper-slide-bg\"><\/div><div class=\"swiper-slide-inner\" ><div class=\"swiper-slide-contents\"><\/div><\/div><\/div><div class=\"elementor-repeater-item-008aa03 swiper-slide\"><div class=\"swiper-slide-bg\"><\/div><div class=\"swiper-slide-inner\" ><div class=\"swiper-slide-contents\"><\/div><\/div><\/div><div class=\"elementor-repeater-item-9fda4c5 swiper-slide\"><div class=\"swiper-slide-bg\"><\/div><div class=\"swiper-slide-inner\" ><div class=\"swiper-slide-contents\"><\/div><\/div><\/div>\t\t\t\t<\/div>\n\t\t\t\t\t\t\t\t\t\t\t\t\t\t\t<div class=\"swiper-pagination\"><\/div>\n\t\t\t\t\t\t\t\t\t\t\t\t\t\t\t\t<div class=\"elementor-swiper-button elementor-swiper-button-prev\">\n\t\t\t\t\t\t\t<i aria-hidden=\"true\" class=\"eicon-chevron-left\"><\/i>\t\t\t\t\t\t\t<span class=\"elementor-screen-only\">Previous<\/span>\n\t\t\t\t\t\t<\/div>\n\t\t\t\t\t\t<div class=\"elementor-swiper-button elementor-swiper-button-next\">\n\t\t\t\t\t\t\t<i aria-hidden=\"true\" class=\"eicon-chevron-right\"><\/i>\t\t\t\t\t\t\t<span class=\"elementor-screen-only\">Next<\/span>\n\t\t\t\t\t\t<\/div>\n\t\t\t\t\t\t\t\t\t\t\t\t<\/div>\n\t\t<\/div>\n\t\t\t\t<\/div>\n\t\t\t\t<\/div>\n\t\t\t\t\t\t<\/div>\n\t\t\t\t\t<\/div>\n\t\t<\/div>\n\t\t\t\t\t\t\t\t<\/div>\n\t\t\t\t\t<\/div>\n\t\t<\/section>\n\t\t\t\t\t\t\t\t\t<\/div>\n\t\t\t<\/div>\n\t\t\t\t\t<\/div>\n\t\t","protected":false},"excerpt":{"rendered":"<p>Photoboxen Photoboxen Dann haben Sie mit unserer Photobox genau Das richtige gefunden.Egal ob Hochzeit, Firmenfeier oder Geburtstagsparty mit unserer Photobox kommt Schwung in Ihre Feier. \u00a0 Sie wollen lustige Photos von der Feier Kein Problem, mit Unserer Photobox erhalten Sie auch lustige Photo Utensilien. Sie w\u00fcrden die Photos gerne mit einemRahmen, Text, Logo&#8230; haben. Die<a class=\"more-link\" href=\"https:\/\/eventandmore.net\/index.php\/photoboxen\/\">Continue reading <span class=\"screen-reader-text\">&#8222;Photoboxen&#8220;<\/span><\/a><\/p>\n","protected":false},"author":1,"featured_media":0,"parent":0,"menu_order":0,"comment_status":"closed","ping_status":"closed","template":"","meta":{"footnotes":""},"class_list":["post-1162","page","type-page","status-publish","hentry","entry"],"_links":{"self":[{"href":"https:\/\/eventandmore.net\/index.php\/wp-json\/wp\/v2\/pages\/1162","targetHints":{"allow":["GET"]}}],"collection":[{"href":"https:\/\/eventandmore.net\/index.php\/wp-json\/wp\/v2\/pages"}],"about":[{"href":"https:\/\/eventandmore.net\/index.php\/wp-json\/wp\/v2\/types\/page"}],"author":[{"embeddable":true,"href":"https:\/\/eventandmore.net\/index.php\/wp-json\/wp\/v2\/users\/1"}],"replies":[{"embeddable":true,"href":"https:\/\/eventandmore.net\/index.php\/wp-json\/wp\/v2\/comments?post=1162"}],"version-history":[{"count":39,"href":"https:\/\/eventandmore.net\/index.php\/wp-json\/wp\/v2\/pages\/1162\/revisions"}],"predecessor-version":[{"id":1203,"href":"https:\/\/eventandmore.net\/index.php\/wp-json\/wp\/v2\/pages\/1162\/revisions\/1203"}],"wp:attachment":[{"href":"https:\/\/eventandmore.net\/index.php\/wp-json\/wp\/v2\/media?parent=1162"}],"curies":[{"name":"wp","href":"https:\/\/api.w.org\/{rel}","templated":true}]}}